{"id":2,"date":"2015-10-19T13:40:42","date_gmt":"2015-10-19T11:40:42","guid":{"rendered":"http:\/\/www.parmapartenopea.com\/?page_id=2"},"modified":"2015-12-11T00:40:29","modified_gmt":"2015-12-10T23:40:29","slug":"chisiamo","status":"publish","type":"page","link":"https:\/\/www.parmapartenopea.com\/?page_id=2","title":{"rendered":"Chi siamo"},"content":{"rendered":"<p><a href=\"http:\/\/www.parmapartenopea.com\/wp-content\/uploads\/2015\/10\/Logo-Parma-Partenopea.jpg\"><img loading=\"lazy\" decoding=\"async\" class=\"alignnone size-medium wp-image-161\" src=\"http:\/\/www.parmapartenopea.com\/wp-content\/uploads\/2015\/10\/Logo-Parma-Partenopea-295x300.jpg\" alt=\"Logo Parma Partenopea\" width=\"295\" height=\"300\" srcset=\"https:\/\/www.parmapartenopea.com\/wp-content\/uploads\/2015\/10\/Logo-Parma-Partenopea-295x300.jpg 295w, https:\/\/www.parmapartenopea.com\/wp-content\/uploads\/2015\/10\/Logo-Parma-Partenopea.jpg 944w\" sizes=\"auto, (max-width: 295px) 100vw, 295px\" \/><\/a><\/p>\n<p><span style=\"color: #000000;\"><em><strong>Parma Partenopea nasce il 13 Marzo del 2011,<\/strong><\/em><\/span><br \/>\n<span style=\"color: #000000;\"> <em> <strong> in occasione della partita Fc Parma Vs SSC Napoli finita 1-3 per i Bianco Azzurri.<\/strong><\/em><\/span><\/p>\n<p><span style=\"color: #000000;\"><em><strong>Tutto cominci\u00f2 quasi per scherzo,dalla fusione di due gruppi che erano nati su Facebook,si pens\u00f2 di incontrarsi davanti una buona pizza e da li in poi si gettarono le basi per la nascita dell&#8217;Associazione Parma Partenopea.<\/strong><\/em><\/span><br \/>\n<span style=\"color: #000000;\"> <em> <strong> Dalla propria nascita Parma Partenopea \u00e8 gradualmente cresciuta,organizzando oltre alle varie trasferte<\/strong><strong>(principalmente per il Nord-Italia non escludento per\u00f2 qualche tappa Europea e allo Stadio San Paolo)anche giornate di aggregazione e solidariet\u00e0 a dimostrazione di quanto il cuore Partenopeo sia immenso anche in Citt\u00e0 che ci hanno accolto per lavoro o per studio.<\/strong><\/em><\/span><\/p>\n<p><span style=\"color: #000000;\"><em><strong>La cosa che accomuna tutti i Soci,oltre ai chilometri che ci separano da casa,\u00e8 la grande passione per la SSC Napoli,non abbiamo mai nascosto n\u00e8 ci siamo mai vergognati di dichiararci apertamente un&#8217;Associazione a misura di famiglia e per le famiglie,facendo della tranquillit\u00e0 e della sicurezza e dello spirito aggregativo i capisaldi di ogni nostra singola iniziativa.<\/strong><\/em><\/span><\/p>\n<p><span style=\"color: #000000;\"><em><strong>Il nostro logo dell&#8217;Associazione racchiude i simboli delle due citt\u00e0 e le due anime di ciascun Socio,ossia quella Parmigiana(per cause di forza maggiore) ma soprattutto quella Napoletana:<\/strong><\/em><\/span><\/p>\n<p><span style=\"color: #000000;\"><em><strong>Il Duomo e il Battistero della Citt\u00e0 di Parma e sotto una &#8220;N&#8221; con adagiata la Sirena Partenope.<\/strong><\/em><\/span><\/p>\n<p><span style=\"color: #000000;\"><em><strong>Negli ultimi mesi Parma Partenopea ha avviato una fase di profondo rinnovamento che ha portato a creare delle nuove figure di coordinamento interni.<\/strong><\/em><\/span><br \/>\n<span style=\"color: #000000;\"> <em> <strong> Vogliamo ripartire alla grande,sperando che tutti i Napoletani di Parma e Provincia possano con l&#8217;entusiasmo manifestato finora in questi anni,poter far crescere sempre di pi\u00f9 questo bellissimo progetto dalla realt\u00e0 Partenopea in terra Parmigiana.<\/strong><\/em><\/span><\/p>\n","protected":false},"excerpt":{"rendered":"<p>Parma Partenopea nasce il 13 Marzo del 2011, in occasione della partita Fc Parma Vs SSC Napoli finita 1-3 per&hellip;<\/p>\n<p class=\"read-more\"><a href=\"https:\/\/www.parmapartenopea.com\/?page_id=2\">Read More<\/a><\/p>\n","protected":false},"author":1,"featured_media":0,"parent":0,"menu_order":1,"comment_status":"closed","ping_status":"closed","template":"","meta":{"footnotes":""},"class_list":["post-2","page","type-page","status-publish","hentry"],"_links":{"self":[{"href":"https:\/\/www.parmapartenopea.com\/index.php?rest_route=\/wp\/v2\/pages\/2","targetHints":{"allow":["GET"]}}],"collection":[{"href":"https:\/\/www.parmapartenopea.com\/index.php?rest_route=\/wp\/v2\/pages"}],"about":[{"href":"https:\/\/www.parmapartenopea.com\/index.php?rest_route=\/wp\/v2\/types\/page"}],"author":[{"embeddable":true,"href":"https:\/\/www.parmapartenopea.com\/index.php?rest_route=\/wp\/v2\/users\/1"}],"replies":[{"embeddable":true,"href":"https:\/\/www.parmapartenopea.com\/index.php?rest_route=%2Fwp%2Fv2%2Fcomments&post=2"}],"version-history":[{"count":6,"href":"https:\/\/www.parmapartenopea.com\/index.php?rest_route=\/wp\/v2\/pages\/2\/revisions"}],"predecessor-version":[{"id":168,"href":"https:\/\/www.parmapartenopea.com\/index.php?rest_route=\/wp\/v2\/pages\/2\/revisions\/168"}],"wp:attachment":[{"href":"https:\/\/www.parmapartenopea.com\/index.php?rest_route=%2Fwp%2Fv2%2Fmedia&parent=2"}],"curies":[{"name":"wp","href":"https:\/\/api.w.org\/{rel}","templated":true}]}}